{"id":1081,"date":"2021-12-19T19:06:58","date_gmt":"2021-12-19T18:06:58","guid":{"rendered":"https:\/\/www.cep.sk\/o-vojne-na-balkane\/"},"modified":"2023-06-21T22:09:06","modified_gmt":"2023-06-21T20:09:06","slug":"the-war-in-the-balkans","status":"publish","type":"page","link":"https:\/\/www.cep.sk\/en\/the-war-in-the-balkans\/","title":{"rendered":"The war in the Balkans"},"content":{"rendered":"<div id=\"\" class=\"element acf-timeline\">\n\n<section class=\"timeline\">\n\t<div class=\"wrapper-out\">\n\t\t<div class=\"wrapper-in\">\n\t\t\t<div class=\"element-inner\">\n        <div class=\"info\">\n          The war\u2019s front line was only<br> about <strong>400 km<\/strong> from us.        <\/div>\n        <div class=\"content\">\n          <h3>Not far from Slovakia.<br \/>\nA few years ago.<\/h3>\n<p>A journey by car from Slovakia takes between five and eight hours to places where the most terrifying atrocities to have happened in Europe since the Second World War occurred. Some of these territories lie on the coast of our \u201cSlovak\u201d sea. The country we are going to explore no longer exists. It is Yugoslavia between the end of the 1980s and the beginning of the 1990s of the 20th century.<\/p>\n        <\/div>\n        <div class=\"years\">\n          <div class=\"year\">\n            1991\n            <span class=\"hover\">End of Trabant production<\/span>\n          <\/div>\n          <div class=\"year\">\n            1992\n            <span class=\"hover\">Miley Cyrus<br> was born<\/span>\n          <\/div>\n          <div class=\"year\">\n            1993\n            <span class=\"hover\">The emergence of an independent <br> Slovak Republic<\/span>\n          <\/div>\n          <div class=\"year\">\n            1994\n            <span class=\"hover\">Introducing Playstation 1<\/span>\n          <\/div>\n          <div class=\"year\">\n            1995\n            <span class=\"hover\">Windows 95 release<\/span>\n          <\/div>\n        <\/div>\n        <div class=\"buttons\">\n          <div class=\"btn button1\">\n            <div class=\"inner\">\n              <span><span class=\"only-desktop\">War in Croatia<\/span><span class=\"only-mobile\">HRV<\/span><\/span>\n            <\/div>\n          <\/div>\n          <div class=\"btn button2\">\n            <div class=\"inner\">\n              <span><span class=\"only-desktop\">War in Slovenia<\/span><span class=\"only-mobile\">SVN<\/span><\/span>\n            <\/div>\n          <\/div>\n          <div class=\"btn button3\">\n            <div class=\"inner\">\n              <span><span class=\"only-desktop\">War in Bosnia and Herzegovina<\/span><span class=\"only-mobile\">BIH<\/span><\/span>\n            <\/div>\n          <\/div>\n        <\/div>\n        <img decoding=\"async\" class=\"default\" src=\"https:\/\/www.cep.sk\/wp-content\/themes\/cep\/images\/none.svg\">\n        <img decoding=\"async\" class=\"hrv\" src=\"https:\/\/www.cep.sk\/wp-content\/themes\/cep\/images\/hrv.svg\">\n        <img decoding=\"async\" class=\"svn\" src=\"https:\/\/www.cep.sk\/wp-content\/themes\/cep\/images\/svn.svg\">\n        <img decoding=\"async\" class=\"bih\" src=\"https:\/\/www.cep.sk\/wp-content\/themes\/cep\/images\/bih.svg\">\n\t\t\t<\/div>\n\t\t<\/div>\n\t<\/div>\n<\/section>\n\n<\/div>\n\n<div id=\"\" class=\"element core-columns\">\n<div class=\"wp-block-columns is-layout-flex wp-container-core-columns-is-layout-9d6595d7 wp-block-columns-is-layout-flex\"><div id=\"\" class=\"element core-column\">\n<div class=\"wp-block-column is-layout-flow wp-block-column-is-layout-flow\"><div id=\"\" class=\"element acf-modul preco-zacala-vojna\">\n\n<section class=\"modul preco-zacala-vojna\">\n\t<div class=\"wrapper-out\">\n\t\t<div class=\"wrapper-in\">\n\t\t\t<div class=\"element-inner\" style=\"background-image: url(https:\/\/www.cep.sk\/wp-content\/uploads\/2021\/12\/vojna.svg);\">\n\t       <h2>Why did the war break out?<\/h2>\n                                                                                       \t\t\t<\/div>\n\t\t<\/div>\n\t<\/div>\n<\/section>\n<\/div><\/div>\n<\/div>\n\n<div id=\"\" class=\"element core-column\">\n<div class=\"wp-block-column is-layout-flow wp-block-column-is-layout-flow\"><div id=\"\" class=\"element acf-modul\">\n\n<section class=\"modul\">\n\t<div class=\"wrapper-out\">\n\t\t<div class=\"wrapper-in\">\n\t\t\t<div class=\"element-inner\" >\n\t       <h3>Nationalism: a tool to manipulate people<\/h3>\n<p>The call for self-determination increased in the economically more advanced countries of Yugoslavia after the first democratic elections following the fall of socialism in 1991. The politicians intentionally stirred nationalist emotions and supported hatred between nationalities and people of different religions. The Serbs and the Croats started to talk about making their countries bigger by adding territories where their nationals lived.<\/p>\n                                                                                       \t\t\t<\/div>\n\t\t<\/div>\n\t<\/div>\n<\/section>\n<\/div><\/div>\n<\/div>\n\n<div id=\"\" class=\"element core-column\">\n<div class=\"wp-block-column is-layout-flow wp-block-column-is-layout-flow\"><div id=\"\" class=\"element acf-modul quote overlay absolute-author\">\n\n<section class=\"modul quote overlay absolute-author\">\n\t<div class=\"wrapper-out\">\n\t\t<div class=\"wrapper-in\">\n\t\t\t<div class=\"element-inner\" style=\"background-image: url(https:\/\/www.cep.sk\/wp-content\/uploads\/2021\/12\/slobodan-milosevic.png);\">\n\t       <blockquote><p>Serbia is<br \/>\neverywhere<br \/>\nwhere<br \/>\nthe Serbs<br \/>\nlive.<\/p><\/blockquote>\n<p>Slobodan Milo\u0161evi\u010d,<br \/>\nthe President of the Republic of Serbia, 1991 &#8211; 1997<\/p>\n                                                                                       \t\t\t<\/div>\n\t\t<\/div>\n\t<\/div>\n<\/section>\n<\/div><\/div>\n<\/div><\/div>\n<\/div>\n\n<div id=\"\" class=\"element core-columns\">\n<div class=\"wp-block-columns is-layout-flex wp-container-core-columns-is-layout-9d6595d7 wp-block-columns-is-layout-flex\"><div id=\"\" class=\"element core-column\">\n<div class=\"wp-block-column is-layout-flow wp-block-column-is-layout-flow\"><div id=\"\" class=\"element acf-modul\">\n\n<section class=\"modul\">\n\t<div class=\"wrapper-out\">\n\t\t<div class=\"wrapper-in\">\n\t\t\t<div class=\"element-inner\" >\n\t       <h3>Manipulation and deceit:<br \/>\na killing machine.<\/h3>\n<p>Politicians in Yugoslavia used manipulation and deceit to ignite flames in the explosive and unstable cocktail of nationalities, religions, and historical grievances. Both sides of the conflicts worked with them. As a result, hatred overpowered ordinary citizens across Yugoslavia. People organized themselves in paramilitary units and often committed the most horrifying atrocities.<\/p>\n                                                                                       \t\t\t<\/div>\n\t\t<\/div>\n\t<\/div>\n<\/section>\n<\/div><\/div>\n<\/div>\n\n<div id=\"\" class=\"element core-column\">\n<div class=\"wp-block-column is-layout-flow wp-block-column-is-layout-flow\"><div id=\"\" class=\"element acf-modul\">\n\n<section class=\"modul\">\n\t<div class=\"wrapper-out\">\n\t\t<div class=\"wrapper-in\">\n\t\t\t<div class=\"element-inner\" >\n\t       <h3>Hatred among<br \/>\nthe nations<\/h3>\n<p>State television stations deepened hatred in people who preferred watching television to reading newspapers. As the situation worsened by the day, almost every family watched television or listened to the radio, as there was no wide-spread access to the Internet in those days.<\/p>\n                                                                                       \t\t\t<\/div>\n\t\t<\/div>\n\t<\/div>\n<\/section>\n<\/div><\/div>\n<\/div><\/div>\n<\/div>\n\n<div id=\"\" class=\"element core-spacer\">\n<div style=\"height:35px\" aria-hidden=\"true\" class=\"wp-block-spacer\"><\/div>\n<\/div>\n\n<div id=\"\" class=\"element core-heading padding-side\">\n<h2 class=\"wp-block-heading padding-side\" id=\"jedna-vojna-tri-pribehy\">One war,<br>three stories<\/h2>\n<\/div>\n\n<div id=\"\" class=\"element core-columns rozcestnik\">\n<div class=\"wp-block-columns rozcestnik is-layout-flex wp-container-core-columns-is-layout-9d6595d7 wp-block-columns-is-layout-flex\"><div id=\"\" class=\"element core-column\">\n<div class=\"wp-block-column is-layout-flow wp-block-column-is-layout-flow\"><div id=\"\" class=\"element acf-modul svn\">\n\n<section class=\"modul svn\">\n\t<div class=\"wrapper-out\">\n\t\t<div class=\"wrapper-in\">\n\t\t\t<div class=\"element-inner\" >\n\t       <h3>War<br \/>\nin Slovenia<br \/>\n<strong>1991<\/strong><\/h3>\n<p>A short ten-day war, a war that was a harbinger of horrors in the neighbors.<\/p>\n<p><a class=\"button button-light-black-2\" href=\"https:\/\/www.cep.sk\/en\/the-war-in-the-balkans\/war-in-slovenia\/\">About war in Slovenia<\/a><\/p>\n                                                                                       \t\t\t<\/div>\n\t\t<\/div>\n\t<\/div>\n<\/section>\n<\/div><\/div>\n<\/div>\n\n<div id=\"\" class=\"element core-column\">\n<div class=\"wp-block-column is-layout-flow wp-block-column-is-layout-flow\"><div id=\"\" class=\"element acf-modul hr\">\n\n<section class=\"modul hr\">\n\t<div class=\"wrapper-out\">\n\t\t<div class=\"wrapper-in\">\n\t\t\t<div class=\"element-inner\" >\n\t       <h3>War<br \/>\nin Croatia<br \/>\n<strong>1991-1995<\/strong><\/h3>\n<p>While Slovaks were vacationing in the north of the country, war was raging elsewhere.<\/p>\n<p><a class=\"button button-light-black-2\" href=\"https:\/\/www.cep.sk\/en\/the-war-in-the-balkans\/war-in-slovenia\/\">About war in Croatia<\/a><\/p>\n                                                                                       \t\t\t<\/div>\n\t\t<\/div>\n\t<\/div>\n<\/section>\n<\/div><\/div>\n<\/div>\n\n<div id=\"\" class=\"element core-column\">\n<div class=\"wp-block-column is-layout-flow wp-block-column-is-layout-flow\"><div id=\"\" class=\"element acf-modul bih\">\n\n<section class=\"modul bih\">\n\t<div class=\"wrapper-out\">\n\t\t<div class=\"wrapper-in\">\n\t\t\t<div class=\"element-inner\" >\n\t       <h3>War in Bosnia<br \/>\nand Hezegovina<br \/>\n<strong>1992-1995<\/strong><\/h3>\n<p>A country where everyone fought against everyone.<\/p>\n<p><a class=\"button button-light-black-2\" href=\"https:\/\/www.cep.sk\/en\/the-war-in-the-balkans\/war-in-bosnia-and-herzegovina\/\">About war in Bosnia and Herzegovina<\/a><\/p>\n                                                                                       \t\t\t<\/div>\n\t\t<\/div>\n\t<\/div>\n<\/section>\n<\/div><\/div>\n<\/div><\/div>\n<\/div>\n\n<div id=\"\" class=\"element core-columns\">\n<div class=\"wp-block-columns is-layout-flex wp-container-core-columns-is-layout-9d6595d7 wp-block-columns-is-layout-flex\"><div id=\"\" class=\"element core-column wider\">\n<div class=\"wp-block-column wider is-layout-flow wp-block-column-is-layout-flow\"><div id=\"\" class=\"element acf-modul velky-svetly-text\">\n\n<section class=\"modul velky-svetly-text\">\n\t<div class=\"wrapper-out\">\n\t\t<div class=\"wrapper-in\">\n\t\t\t<div class=\"element-inner\" >\n\t       <p>The wars in former Yugoslavia were a total nonsense. They destroyed the country physically, socially and spiritually, and threw it back by several decades.<\/p>\n                                                                                       \t\t\t<\/div>\n\t\t<\/div>\n\t<\/div>\n<\/section>\n<\/div>\n\n<div id=\"\" class=\"element acf-modul len-obrazok\">\n\n<section class=\"modul len-obrazok\">\n\t<div class=\"wrapper-out\">\n\t\t<div class=\"wrapper-in\">\n\t\t\t<div class=\"element-inner\" style=\"background-image: url(https:\/\/www.cep.sk\/wp-content\/uploads\/2021\/12\/vojna-v-juhoslavii.png);\">\n\t                                                                                              \t\t\t<\/div>\n\t\t<\/div>\n\t<\/div>\n<\/section>\n<\/div><\/div>\n<\/div>\n\n<div id=\"\" class=\"element core-column\">\n<div class=\"wp-block-column is-layout-flow wp-block-column-is-layout-flow\"><div id=\"\" class=\"element acf-modul author-margin-top\">\n\n<section class=\"modul author-margin-top\">\n\t<div class=\"wrapper-out\">\n\t\t<div class=\"wrapper-in\">\n\t\t\t<div class=\"element-inner\" >\n\t       <p>I have visited the Balkans many times. Today, people who live in the wanted and unwanted new states that succeeded the disintegrated Yugoslavia wish to lead good lives like people everywhere in the world. However, the war is constantly present in their lives. Many families lost their loved ones during the war. Those who survived suffer from physical and emotional wounds. Memorials in public places praise the local heroes and denigrate the foreign ones.<\/p>\n<p>Some people harbour desire for revenge. Others long for reconciliation and forgiveness and want to have the others say sorry to them. And all have many questions as they think about the future.<\/p>\n<p>Former Yugoslavia is like a textbook that shows us how a catastrophe becomes imminent through events, through the decisions and actions of politicians, through society\u2019s lack of interest in their own country\u2019s situation and over emphasizing one\u2019s own interpretation of history, through feelings that our group has been marginalized, and thanks to an unfounded conviction that nothing bad can happen to us. If we make the effort and with hindsight look at what is happening in our homeland, what are we going to learn about our own country\u2019s situation based on this Yugoslav textbook case?<\/p>\n                                                                  <div class=\"author\">\n                <div class=\"picture\">\n                  <img decoding=\"async\" src=\"https:\/\/www.cep.sk\/wp-content\/uploads\/2021\/12\/kamil-sladek.png\" alt=\"kamil-sladek\">                <\/div>\n                 <div class=\"text\">\n                   <h5>Kamil Sl\u00e1dek<\/h5>\n                   <p>Chairman of the CEP<\/p>\n                   <p><a href=\"mailto:\"><\/a><\/p>\n                 <\/div>\n               <\/div>\n                                                                                                         \t\t\t<\/div>\n\t\t<\/div>\n\t<\/div>\n<\/section>\n<\/div><\/div>\n<\/div><\/div>\n<\/div>\n\n<div id=\"\" class=\"element core-columns\">\n<div class=\"wp-block-columns is-layout-flex wp-container-core-columns-is-layout-9d6595d7 wp-block-columns-is-layout-flex\"><div id=\"\" class=\"element core-column\">\n<div class=\"wp-block-column is-layout-flow wp-block-column-is-layout-flow\"><div id=\"\" class=\"element acf-modul retaz\">\n\n<section class=\"modul retaz\">\n\t<div class=\"wrapper-out\">\n\t\t<div class=\"wrapper-in\">\n\t\t\t<div class=\"element-inner\" >\n\t       <h3>Eight links of the chain of evil<\/h3>\n                    <div class=\"items\">\n                                             <div class=\"item\">\n                   <div class=\"inner\">\n                     <h4>Classification<\/h4>\n<p>Viewing human identity through group stereotypes and biases.<\/p>\n                   <\/div>\n                 <\/div>\n                                <div class=\"item\">\n                   <div class=\"inner\">\n                     <h4>Creating symbols<\/h4>\n<p>Identifying unwelcome groups of people with visual symbols, like the Jewish star.<\/p>\n                   <\/div>\n                 <\/div>\n                                <div class=\"item\">\n                   <div class=\"inner\">\n                     <h4>Dehumaniza-\u2028tion<\/h4>\n<p>Dehumanizing members of the groups. They are no longer viewed as human beings but as cockroaches or rats.<\/p>\n                   <\/div>\n                 <\/div>\n                                <div class=\"item\">\n                   <div class=\"inner\">\n                     <h4>Organization<\/h4>\n<p>Reaching a breakthrough point \u2013 the state centrally organizes preparations to exterminate the groups.<\/p>\n                   <\/div>\n                 <\/div>\n                                <div class=\"item\">\n                   <div class=\"inner\">\n                     <h4>Polarization<\/h4>\n<p>Setting groups of people against each other through propaganda.<\/p>\n                   <\/div>\n                 <\/div>\n                                <div class=\"item\">\n                   <div class=\"inner\">\n                     <h4>Preparation<br \/>\nand identification<\/h4>\n<p>Marginalizing members of the unwelcome groups through firing them from work, expelling them from schools, and recording official notes in their documents.<\/p>\n                   <\/div>\n                 <\/div>\n                                <div class=\"item\">\n                   <div class=\"inner\">\n                     <h4>Genocide<\/h4>\n<p>\u201cCleaning\u201d the state\u2019s territory from the unwelcome groups by murdering them.<\/p>\n                   <\/div>\n                 <\/div>\n                                <div class=\"item\">\n                   <div class=\"inner\">\n                     <h4>Denial<\/h4>\n<p>The state denying that victims were classified, identified, and murdered is an inseparable part of genocide<\/p>\n                   <\/div>\n                 <\/div>\n                                       <\/div>\n                                                                                       \t\t\t<\/div>\n\t\t<\/div>\n\t<\/div>\n<\/section>\n<\/div><\/div>\n<\/div><\/div>\n<\/div>","protected":false},"excerpt":{"rendered":"<p>One war,three stories<\/p>\n","protected":false},"author":1,"featured_media":0,"parent":0,"menu_order":8,"comment_status":"closed","ping_status":"closed","template":"","meta":{"inline_featured_image":false,"footnotes":""},"class_list":["post-1081","page","type-page","status-publish","hentry"],"acf":[],"yoast_head":"<!-- This site is optimized with the Yoast SEO plugin v19.11 - https:\/\/yoast.com\/wordpress\/plugins\/seo\/ -->\n<title>The war in the Balkans - Centrum pre eur\u00f3psku politiku<\/title>\n<meta name=\"robots\" content=\"index, follow, max-snippet:-1, max-image-preview:large, max-video-preview:-1\" \/>\n<link rel=\"canonical\" href=\"https:\/\/www.cep.sk\/en\/the-war-in-the-balkans\/\" \/>\n<meta property=\"og:locale\" content=\"en_US\" \/>\n<meta property=\"og:type\" content=\"article\" \/>\n<meta property=\"og:title\" content=\"The war in the Balkans - Centrum pre eur\u00f3psku politiku\" \/>\n<meta property=\"og:description\" content=\"One war,three stories\" \/>\n<meta property=\"og:url\" content=\"https:\/\/www.cep.sk\/en\/the-war-in-the-balkans\/\" \/>\n<meta property=\"og:site_name\" content=\"Centrum pre eur\u00f3psku politiku\" \/>\n<meta property=\"article:modified_time\" content=\"2023-06-21T20:09:06+00:00\" \/>\n<meta property=\"og:image\" content=\"https:\/\/www.cep.sk\/wp-content\/uploads\/2022\/01\/CEP_Sharepic-page.png\" \/>\n\t<meta property=\"og:image:width\" content=\"1200\" \/>\n\t<meta property=\"og:image:height\" content=\"628\" \/>\n\t<meta property=\"og:image:type\" content=\"image\/png\" \/>\n<meta name=\"twitter:card\" content=\"summary_large_image\" \/>\n<meta name=\"twitter:label1\" content=\"Est. reading time\" \/>\n\t<meta name=\"twitter:data1\" content=\"1 minute\" \/>\n<script type=\"application\/ld+json\" class=\"yoast-schema-graph\">{\"@context\":\"https:\/\/schema.org\",\"@graph\":[{\"@type\":\"WebPage\",\"@id\":\"https:\/\/www.cep.sk\/en\/the-war-in-the-balkans\/\",\"url\":\"https:\/\/www.cep.sk\/en\/the-war-in-the-balkans\/\",\"name\":\"The war in the Balkans - Centrum pre eur\u00f3psku politiku\",\"isPartOf\":{\"@id\":\"https:\/\/d.r2.wbsprt.com\/cep.sk\/#website\"},\"datePublished\":\"2021-12-19T18:06:58+00:00\",\"dateModified\":\"2023-06-21T20:09:06+00:00\",\"breadcrumb\":{\"@id\":\"https:\/\/www.cep.sk\/en\/the-war-in-the-balkans\/#breadcrumb\"},\"inLanguage\":\"en-US\",\"potentialAction\":[{\"@type\":\"ReadAction\",\"target\":[\"https:\/\/www.cep.sk\/en\/the-war-in-the-balkans\/\"]}]},{\"@type\":\"BreadcrumbList\",\"@id\":\"https:\/\/www.cep.sk\/en\/the-war-in-the-balkans\/#breadcrumb\",\"itemListElement\":[{\"@type\":\"ListItem\",\"position\":1,\"name\":\"Domovsk\u00e1 str\u00e1nka\",\"item\":\"https:\/\/d.r2.wbsprt.com\/cep.sk\"},{\"@type\":\"ListItem\",\"position\":2,\"name\":\"The war in the Balkans\"}]},{\"@type\":\"WebSite\",\"@id\":\"https:\/\/d.r2.wbsprt.com\/cep.sk\/#website\",\"url\":\"https:\/\/d.r2.wbsprt.com\/cep.sk\/\",\"name\":\"Centrum pre eur\u00f3psku politiku\",\"description\":\"Motivujeme mlad\u00fdch k akt\u00edvnemu ob\u010dianstvu\",\"potentialAction\":[{\"@type\":\"SearchAction\",\"target\":{\"@type\":\"EntryPoint\",\"urlTemplate\":\"https:\/\/d.r2.wbsprt.com\/cep.sk\/?s={search_term_string}\"},\"query-input\":\"required name=search_term_string\"}],\"inLanguage\":\"en-US\"}]}<\/script>\n<!-- \/ Yoast SEO plugin. -->","yoast_head_json":{"title":"The war in the Balkans - Centrum pre eur\u00f3psku politiku","robots":{"index":"index","follow":"follow","max-snippet":"max-snippet:-1","max-image-preview":"max-image-preview:large","max-video-preview":"max-video-preview:-1"},"canonical":"https:\/\/www.cep.sk\/en\/the-war-in-the-balkans\/","og_locale":"en_US","og_type":"article","og_title":"The war in the Balkans - Centrum pre eur\u00f3psku politiku","og_description":"One war,three stories","og_url":"https:\/\/www.cep.sk\/en\/the-war-in-the-balkans\/","og_site_name":"Centrum pre eur\u00f3psku politiku","article_modified_time":"2023-06-21T20:09:06+00:00","og_image":[{"width":1200,"height":628,"url":"https:\/\/www.cep.sk\/wp-content\/uploads\/2022\/01\/CEP_Sharepic-page.png","type":"image\/png"}],"twitter_card":"summary_large_image","twitter_misc":{"Est. reading time":"1 minute"},"schema":{"@context":"https:\/\/schema.org","@graph":[{"@type":"WebPage","@id":"https:\/\/www.cep.sk\/en\/the-war-in-the-balkans\/","url":"https:\/\/www.cep.sk\/en\/the-war-in-the-balkans\/","name":"The war in the Balkans - Centrum pre eur\u00f3psku politiku","isPartOf":{"@id":"https:\/\/d.r2.wbsprt.com\/cep.sk\/#website"},"datePublished":"2021-12-19T18:06:58+00:00","dateModified":"2023-06-21T20:09:06+00:00","breadcrumb":{"@id":"https:\/\/www.cep.sk\/en\/the-war-in-the-balkans\/#breadcrumb"},"inLanguage":"en-US","potentialAction":[{"@type":"ReadAction","target":["https:\/\/www.cep.sk\/en\/the-war-in-the-balkans\/"]}]},{"@type":"BreadcrumbList","@id":"https:\/\/www.cep.sk\/en\/the-war-in-the-balkans\/#breadcrumb","itemListElement":[{"@type":"ListItem","position":1,"name":"Domovsk\u00e1 str\u00e1nka","item":"https:\/\/d.r2.wbsprt.com\/cep.sk"},{"@type":"ListItem","position":2,"name":"The war in the Balkans"}]},{"@type":"WebSite","@id":"https:\/\/d.r2.wbsprt.com\/cep.sk\/#website","url":"https:\/\/d.r2.wbsprt.com\/cep.sk\/","name":"Centrum pre eur\u00f3psku politiku","description":"Motivujeme mlad\u00fdch k akt\u00edvnemu ob\u010dianstvu","potentialAction":[{"@type":"SearchAction","target":{"@type":"EntryPoint","urlTemplate":"https:\/\/d.r2.wbsprt.com\/cep.sk\/?s={search_term_string}"},"query-input":"required name=search_term_string"}],"inLanguage":"en-US"}]}},"_links":{"self":[{"href":"https:\/\/www.cep.sk\/en\/wp-json\/wp\/v2\/pages\/1081","targetHints":{"allow":["GET"]}}],"collection":[{"href":"https:\/\/www.cep.sk\/en\/wp-json\/wp\/v2\/pages"}],"about":[{"href":"https:\/\/www.cep.sk\/en\/wp-json\/wp\/v2\/types\/page"}],"author":[{"embeddable":true,"href":"https:\/\/www.cep.sk\/en\/wp-json\/wp\/v2\/users\/1"}],"replies":[{"embeddable":true,"href":"https:\/\/www.cep.sk\/en\/wp-json\/wp\/v2\/comments?post=1081"}],"version-history":[{"count":25,"href":"https:\/\/www.cep.sk\/en\/wp-json\/wp\/v2\/pages\/1081\/revisions"}],"predecessor-version":[{"id":1348,"href":"https:\/\/www.cep.sk\/en\/wp-json\/wp\/v2\/pages\/1081\/revisions\/1348"}],"wp:attachment":[{"href":"https:\/\/www.cep.sk\/en\/wp-json\/wp\/v2\/media?parent=1081"}],"curies":[{"name":"wp","href":"https:\/\/api.w.org\/{rel}","templated":true}]}}